{"id":2582,"date":"2020-05-18T04:43:59","date_gmt":"2020-05-18T04:43:59","guid":{"rendered":"http:\/\/localhost\/theratio\/?page_id=2582"},"modified":"2025-08-11T09:56:10","modified_gmt":"2025-08-11T09:56:10","slug":"referanslar","status":"publish","type":"page","link":"https:\/\/projegi.com\/index.php\/referanslar\/","title":{"rendered":"Referanslar"},"content":{"rendered":"\t\t<div data-elementor-type=\"wp-page\" data-elementor-id=\"2582\" class=\"elementor elementor-2582\">\n\t\t\t\t\t\t<section class=\"elementor-section elementor-top-section elementor-element elementor-element-b29e3dd elementor-section-boxed elementor-section-height-default elementor-section-height-default\" data-id=\"b29e3dd\" data-element_type=\"section\" data-e-type=\"section\">\n\t\t\t\t\t\t<div class=\"elementor-container elementor-column-gap-default\">\n\t\t\t\t\t<div class=\"elementor-column elementor-col-100 elementor-top-column elementor-element elementor-element-d6303c8 ot-flex-column-vertical\" data-id=\"d6303c8\" data-element_type=\"column\" data-e-type=\"column\">\n\t\t\t<div class=\"elementor-widget-wrap elementor-element-populated\">\n\t\t\t\t\t\t<div class=\"elementor-element elementor-element-e09abd0 theratio-align-center elementor-widget elementor-widget-iheading\" data-id=\"e09abd0\" data-element_type=\"widget\" data-e-type=\"widget\" data-widget_type=\"iheading.default\">\n\t\t\t\t<div class=\"elementor-widget-container\">\n\t\t\t\t\t\t\t<div class=\"ot-heading is-dots\">\r\n\t        \t            <span>[ Referanslar ]<\/span>\r\n\t        \t        <h2 class=\"main-heading\">M\u00fc\u015fterilerimize Y\u00f6nelik \u00c7al\u0131\u015fmalar\u0131m\u0131zdan Baz\u0131lar\u0131<\/h2>\r\n\t        \t    <\/div>\r\n\t    \t\t\t\t<\/div>\n\t\t\t\t<\/div>\n\t\t\t\t<div class=\"elementor-element elementor-element-1089088 elementor-widget elementor-widget-ipfilter\" data-id=\"1089088\" data-element_type=\"widget\" data-e-type=\"widget\" data-widget_type=\"ipfilter.default\">\n\t\t\t\t<div class=\"elementor-widget-container\">\n\t\t\t\t\t\r\n\t\t<div class=\"project-filter-wrapper\">\r\n\t\t\t\t        \t<div class=\"container\">\r\n\t        \t\t<ul class=\"project_filters\">\r\n\t        \t\t\t\t        \t\t\t \t<li><a href=\"#\" data-filter=\"*\" class=\"selected btn-details\">All<span class=\"filter-count\"><\/span><\/a><\/li>\r\n\t        \t\t\t\t\t                \t\t                    <li>\r\n\t\t\t\t\t\t\t\t<a class=\"btn-details\" href='#' data-filter='.category-35'>Daire<span class=\"filter-count\"><\/span><\/a>\r\n\t\t\t\t\t\t\t<\/li>\t                    \r\n\t\t                \t\t                    <li>\r\n\t\t\t\t\t\t\t\t<a class=\"btn-details\" href='#' data-filter='.category-34'>Konak<span class=\"filter-count\"><\/span><\/a>\r\n\t\t\t\t\t\t\t<\/li>\t                    \r\n\t\t                \t\t                    <li>\r\n\t\t\t\t\t\t\t\t<a class=\"btn-details\" href='#' data-filter='.category-33'>Malikane<span class=\"filter-count\"><\/span><\/a>\r\n\t\t\t\t\t\t\t<\/li>\t                    \r\n\t\t                \t\t\t\t\t<\/ul>\r\n\t\t\t\t<\/div>\r\n\t        \t\t\t\t        <div class=\"projects-grid pf_3_cols style-1 img-scale w-auto\" data-load=\"9\" data-count=\"7\">\r\n\t\t\t<div class=\"grid-sizer\"><\/div>\r\n\t            \r\n<div class=\"project-item \">\r\n\t<div class=\"projects-box\">\r\n\t\t<div class=\"projects-thumbnail\" data-src=\"https:\/\/projegi.com\/wp-content\/uploads\/2023\/10\/1-scaled.jpg\" data-sub-html=\"Marin City Beylikd\u00fcz\u00fc\">\r\n\t\t\t<a href=\"https:\/\/projegi.com\/index.php\/portfolio\/marin-city-beylikduzu\/\">\r\n\t\t\t\t<img fetchpriority=\"high\" decoding=\"async\" width=\"720\" height=\"720\" src=\"https:\/\/projegi.com\/wp-content\/uploads\/2023\/10\/1-720x720.jpg\" class=\"attachment-theratio-portfolio-thumbnail-grid size-theratio-portfolio-thumbnail-grid wp-post-image\" alt=\"MAR\u0130N C\u0130TY\" srcset=\"https:\/\/projegi.com\/wp-content\/uploads\/2023\/10\/1-720x720.jpg 720w, https:\/\/projegi.com\/wp-content\/uploads\/2023\/10\/1-150x150.jpg 150w\" sizes=\"(max-width: 720px) 100vw, 720px\" \/>\t\t\t<\/a>\r\n\t\t\t\r\n\t\t\t<span class=\"overlay\">\r\n\t\t\t\t<h5>Marin City Beylikd\u00fcz\u00fc<\/h5>\r\n\t\t\t\t<i class=\"ot-flaticon-add\"><\/i>\r\n\t\t\t<\/span>\r\n\t\t<\/div>\r\n\t\t<div class=\"portfolio-info\">\r\n\t\t\t<div class=\"portfolio-info-inner\">\r\n\t\t\t\t<h5><a class=\"title-link\" href=\"https:\/\/projegi.com\/index.php\/portfolio\/marin-city-beylikduzu\/\" data-src=\"https:\/\/projegi.com\/wp-content\/uploads\/2023\/10\/1-scaled.jpg\" data-sub-html=\"Marin City Beylikd\u00fcz\u00fc\">Marin City Beylikd\u00fcz\u00fc<\/a><\/h5>\r\n\t\t\t\t \r\n\t\t\t<\/div>\r\n\t\t\t<a class=\"overlay\" href=\"https:\/\/projegi.com\/index.php\/portfolio\/marin-city-beylikduzu\/\"><\/a>\r\n\t\t<\/div>\r\n\t<\/div>\r\n<\/div>\r\n<div class=\"project-item category-34 \">\r\n\t<div class=\"projects-box\">\r\n\t\t<div class=\"projects-thumbnail\" data-src=\"https:\/\/projegi.com\/wp-content\/uploads\/2022\/02\/DJI_0221-scaled.jpg\" data-sub-html=\"TARABYA VAD\u0130 KONAKLARI\">\r\n\t\t\t<a href=\"https:\/\/projegi.com\/index.php\/portfolio\/stylish-family-appartment\/\">\r\n\t\t\t\t<img decoding=\"async\" width=\"720\" height=\"720\" src=\"https:\/\/projegi.com\/wp-content\/uploads\/2022\/02\/DJI_0221-720x720.jpg\" class=\"attachment-theratio-portfolio-thumbnail-grid size-theratio-portfolio-thumbnail-grid wp-post-image\" alt=\"\" srcset=\"https:\/\/projegi.com\/wp-content\/uploads\/2022\/02\/DJI_0221-720x720.jpg 720w, https:\/\/projegi.com\/wp-content\/uploads\/2022\/02\/DJI_0221-150x150.jpg 150w\" sizes=\"(max-width: 720px) 100vw, 720px\" \/>\t\t\t<\/a>\r\n\t\t\t\r\n\t\t\t<span class=\"overlay\">\r\n\t\t\t\t<h5>TARABYA VAD\u0130 KONAKLARI<\/h5>\r\n\t\t\t\t<i class=\"ot-flaticon-add\"><\/i>\r\n\t\t\t<\/span>\r\n\t\t<\/div>\r\n\t\t<div class=\"portfolio-info\">\r\n\t\t\t<div class=\"portfolio-info-inner\">\r\n\t\t\t\t<h5><a class=\"title-link\" href=\"https:\/\/projegi.com\/index.php\/portfolio\/stylish-family-appartment\/\" data-src=\"https:\/\/projegi.com\/wp-content\/uploads\/2022\/02\/DJI_0221-scaled.jpg\" data-sub-html=\"TARABYA VAD\u0130 KONAKLARI\">TARABYA VAD\u0130 KONAKLARI<\/a><\/h5>\r\n\t\t\t\t<p class=\"portfolio-cates\"><a href=\"https:\/\/projegi.com\/index.php\/portfolio-category\/konak\/\">Konak<\/a><\/p> \r\n\t\t\t<\/div>\r\n\t\t\t<a class=\"overlay\" href=\"https:\/\/projegi.com\/index.php\/portfolio\/stylish-family-appartment\/\"><\/a>\r\n\t\t<\/div>\r\n\t<\/div>\r\n<\/div>\r\n<div class=\"project-item category-35 \">\r\n\t<div class=\"projects-box\">\r\n\t\t<div class=\"projects-thumbnail\" data-src=\"https:\/\/projegi.com\/wp-content\/uploads\/2019\/11\/16-scaled.jpg\" data-sub-html=\"\u0130N MAR\u0130 MARMARA\">\r\n\t\t\t<a href=\"https:\/\/projegi.com\/index.php\/portfolio\/minimal-guests-house\/\">\r\n\t\t\t\t<img decoding=\"async\" width=\"720\" height=\"720\" src=\"https:\/\/projegi.com\/wp-content\/uploads\/2019\/11\/16-720x720.jpg\" class=\"attachment-theratio-portfolio-thumbnail-grid size-theratio-portfolio-thumbnail-grid wp-post-image\" alt=\"\" srcset=\"https:\/\/projegi.com\/wp-content\/uploads\/2019\/11\/16-720x720.jpg 720w, https:\/\/projegi.com\/wp-content\/uploads\/2019\/11\/16-150x150.jpg 150w\" sizes=\"(max-width: 720px) 100vw, 720px\" \/>\t\t\t<\/a>\r\n\t\t\t\r\n\t\t\t<span class=\"overlay\">\r\n\t\t\t\t<h5>\u0130N MAR\u0130 MARMARA<\/h5>\r\n\t\t\t\t<i class=\"ot-flaticon-add\"><\/i>\r\n\t\t\t<\/span>\r\n\t\t<\/div>\r\n\t\t<div class=\"portfolio-info\">\r\n\t\t\t<div class=\"portfolio-info-inner\">\r\n\t\t\t\t<h5><a class=\"title-link\" href=\"https:\/\/projegi.com\/index.php\/portfolio\/minimal-guests-house\/\" data-src=\"https:\/\/projegi.com\/wp-content\/uploads\/2019\/11\/16-scaled.jpg\" data-sub-html=\"\u0130N MAR\u0130 MARMARA\">\u0130N MAR\u0130 MARMARA<\/a><\/h5>\r\n\t\t\t\t<p class=\"portfolio-cates\"><a href=\"https:\/\/projegi.com\/index.php\/portfolio-category\/daire\/\">Daire<\/a><\/p> \r\n\t\t\t<\/div>\r\n\t\t\t<a class=\"overlay\" href=\"https:\/\/projegi.com\/index.php\/portfolio\/minimal-guests-house\/\"><\/a>\r\n\t\t<\/div>\r\n\t<\/div>\r\n<\/div>\r\n<div class=\"project-item category-33 \">\r\n\t<div class=\"projects-box\">\r\n\t\t<div class=\"projects-thumbnail\" data-src=\"https:\/\/projegi.com\/wp-content\/uploads\/2019\/11\/1bf6b1ae-3de3-4cbc-884f-baf626a43ec9.jpg\" data-sub-html=\"DURAK PLUS GAYR\u0130MENKUL\">\r\n\t\t\t<a href=\"https:\/\/projegi.com\/index.php\/portfolio\/art-family-residence\/\">\r\n\t\t\t\t<img loading=\"lazy\" decoding=\"async\" width=\"720\" height=\"720\" src=\"https:\/\/projegi.com\/wp-content\/uploads\/2019\/11\/1bf6b1ae-3de3-4cbc-884f-baf626a43ec9-720x720.jpg\" class=\"attachment-theratio-portfolio-thumbnail-grid size-theratio-portfolio-thumbnail-grid wp-post-image\" alt=\"\" srcset=\"https:\/\/projegi.com\/wp-content\/uploads\/2019\/11\/1bf6b1ae-3de3-4cbc-884f-baf626a43ec9-720x720.jpg 720w, https:\/\/projegi.com\/wp-content\/uploads\/2019\/11\/1bf6b1ae-3de3-4cbc-884f-baf626a43ec9-150x150.jpg 150w\" sizes=\"(max-width: 720px) 100vw, 720px\" \/>\t\t\t<\/a>\r\n\t\t\t\r\n\t\t\t<span class=\"overlay\">\r\n\t\t\t\t<h5>DURAK PLUS GAYR\u0130MENKUL<\/h5>\r\n\t\t\t\t<i class=\"ot-flaticon-add\"><\/i>\r\n\t\t\t<\/span>\r\n\t\t<\/div>\r\n\t\t<div class=\"portfolio-info\">\r\n\t\t\t<div class=\"portfolio-info-inner\">\r\n\t\t\t\t<h5><a class=\"title-link\" href=\"https:\/\/projegi.com\/index.php\/portfolio\/art-family-residence\/\" data-src=\"https:\/\/projegi.com\/wp-content\/uploads\/2019\/11\/1bf6b1ae-3de3-4cbc-884f-baf626a43ec9.jpg\" data-sub-html=\"DURAK PLUS GAYR\u0130MENKUL\">DURAK PLUS GAYR\u0130MENKUL<\/a><\/h5>\r\n\t\t\t\t<p class=\"portfolio-cates\"><a href=\"https:\/\/projegi.com\/index.php\/portfolio-category\/malikane\/\">Malikane<\/a><\/p> \r\n\t\t\t<\/div>\r\n\t\t\t<a class=\"overlay\" href=\"https:\/\/projegi.com\/index.php\/portfolio\/art-family-residence\/\"><\/a>\r\n\t\t<\/div>\r\n\t<\/div>\r\n<\/div>\r\n<div class=\"project-item category-35 \">\r\n\t<div class=\"projects-box\">\r\n\t\t<div class=\"projects-thumbnail\" data-src=\"https:\/\/projegi.com\/wp-content\/uploads\/2019\/11\/WhatsApp-Image-2022-02-04-at-12.48.05.jpeg\" data-sub-html=\"MONREVE EY\u00dcP\">\r\n\t\t\t<a href=\"https:\/\/projegi.com\/index.php\/portfolio\/private-house-in-spain\/\">\r\n\t\t\t\t<img loading=\"lazy\" decoding=\"async\" width=\"720\" height=\"720\" src=\"https:\/\/projegi.com\/wp-content\/uploads\/2019\/11\/WhatsApp-Image-2022-02-04-at-12.48.05-720x720.jpeg\" class=\"attachment-theratio-portfolio-thumbnail-grid size-theratio-portfolio-thumbnail-grid wp-post-image\" alt=\"\" srcset=\"https:\/\/projegi.com\/wp-content\/uploads\/2019\/11\/WhatsApp-Image-2022-02-04-at-12.48.05-720x720.jpeg 720w, https:\/\/projegi.com\/wp-content\/uploads\/2019\/11\/WhatsApp-Image-2022-02-04-at-12.48.05-150x150.jpeg 150w\" sizes=\"(max-width: 720px) 100vw, 720px\" \/>\t\t\t<\/a>\r\n\t\t\t\r\n\t\t\t<span class=\"overlay\">\r\n\t\t\t\t<h5>MONREVE EY\u00dcP<\/h5>\r\n\t\t\t\t<i class=\"ot-flaticon-add\"><\/i>\r\n\t\t\t<\/span>\r\n\t\t<\/div>\r\n\t\t<div class=\"portfolio-info\">\r\n\t\t\t<div class=\"portfolio-info-inner\">\r\n\t\t\t\t<h5><a class=\"title-link\" href=\"https:\/\/projegi.com\/index.php\/portfolio\/private-house-in-spain\/\" data-src=\"https:\/\/projegi.com\/wp-content\/uploads\/2019\/11\/WhatsApp-Image-2022-02-04-at-12.48.05.jpeg\" data-sub-html=\"MONREVE EY\u00dcP\">MONREVE EY\u00dcP<\/a><\/h5>\r\n\t\t\t\t<p class=\"portfolio-cates\"><a href=\"https:\/\/projegi.com\/index.php\/portfolio-category\/daire\/\">Daire<\/a><\/p> \r\n\t\t\t<\/div>\r\n\t\t\t<a class=\"overlay\" href=\"https:\/\/projegi.com\/index.php\/portfolio\/private-house-in-spain\/\"><\/a>\r\n\t\t<\/div>\r\n\t<\/div>\r\n<\/div>\r\n<div class=\"project-item category-35 \">\r\n\t<div class=\"projects-box\">\r\n\t\t<div class=\"projects-thumbnail\" data-src=\"https:\/\/projegi.com\/wp-content\/uploads\/2019\/11\/WhatsApp-Image-2022-02-04-at-12.49.56.jpeg\" data-sub-html=\"L\u0130VZA ZEYT\u0130NBURNU\">\r\n\t\t\t<a href=\"https:\/\/projegi.com\/index.php\/portfolio\/modern-villa-in-belgium\/\">\r\n\t\t\t\t<img loading=\"lazy\" decoding=\"async\" width=\"720\" height=\"720\" src=\"https:\/\/projegi.com\/wp-content\/uploads\/2019\/11\/WhatsApp-Image-2022-02-04-at-12.49.56-720x720.jpeg\" class=\"attachment-theratio-portfolio-thumbnail-grid size-theratio-portfolio-thumbnail-grid wp-post-image\" alt=\"\" srcset=\"https:\/\/projegi.com\/wp-content\/uploads\/2019\/11\/WhatsApp-Image-2022-02-04-at-12.49.56-720x720.jpeg 720w, https:\/\/projegi.com\/wp-content\/uploads\/2019\/11\/WhatsApp-Image-2022-02-04-at-12.49.56-150x150.jpeg 150w\" sizes=\"(max-width: 720px) 100vw, 720px\" \/>\t\t\t<\/a>\r\n\t\t\t\r\n\t\t\t<span class=\"overlay\">\r\n\t\t\t\t<h5>L\u0130VZA ZEYT\u0130NBURNU<\/h5>\r\n\t\t\t\t<i class=\"ot-flaticon-add\"><\/i>\r\n\t\t\t<\/span>\r\n\t\t<\/div>\r\n\t\t<div class=\"portfolio-info\">\r\n\t\t\t<div class=\"portfolio-info-inner\">\r\n\t\t\t\t<h5><a class=\"title-link\" href=\"https:\/\/projegi.com\/index.php\/portfolio\/modern-villa-in-belgium\/\" data-src=\"https:\/\/projegi.com\/wp-content\/uploads\/2019\/11\/WhatsApp-Image-2022-02-04-at-12.49.56.jpeg\" data-sub-html=\"L\u0130VZA ZEYT\u0130NBURNU\">L\u0130VZA ZEYT\u0130NBURNU<\/a><\/h5>\r\n\t\t\t\t<p class=\"portfolio-cates\"><a href=\"https:\/\/projegi.com\/index.php\/portfolio-category\/daire\/\">Daire<\/a><\/p> \r\n\t\t\t<\/div>\r\n\t\t\t<a class=\"overlay\" href=\"https:\/\/projegi.com\/index.php\/portfolio\/modern-villa-in-belgium\/\"><\/a>\r\n\t\t<\/div>\r\n\t<\/div>\r\n<\/div>\t\t\t<\/div>\r\n\r\n\t\t\t\t    <\/div>\r\n\t\t\t\t\t\t\t\t\t\t\r\n\t    \t\t\t\t<\/div>\n\t\t\t\t<\/div>\n\t\t\t\t\t<\/div>\n\t\t<\/div>\n\t\t\t\t\t<\/div>\n\t\t<\/section>\n\t\t\t\t<\/div>\n\t\t","protected":false},"excerpt":{"rendered":"<p>[ Referanslar ] M\u00fc\u015fterilerimize Y\u00f6nelik \u00c7al\u0131\u015fmalar\u0131m\u0131zdan Baz\u0131lar\u0131 All Daire Konak Malikane Marin City Beylikd\u00fcz\u00fc Marin City Beylikd\u00fcz\u00fc TARABYA VAD\u0130 KONAKLARI TARABYA VAD\u0130 KONAKLARI Konak \u0130N MAR\u0130 MARMARA \u0130N MAR\u0130 MARMARA Daire DURAK PLUS GAYR\u0130MENKUL DURAK PLUS GAYR\u0130MENKUL Malikane MONREVE EY\u00dcP MONREVE EY\u00dcP Daire L\u0130VZA ZEYT\u0130NBURNU L\u0130VZA ZEYT\u0130NBURNU Daire B\u0130RL\u0130K PARKADA B\u0130RL\u0130K PARKADA Daire<\/p>\n","protected":false},"author":1,"featured_media":0,"parent":0,"menu_order":0,"comment_status":"closed","ping_status":"closed","template":"","meta":{"footnotes":""},"class_list":["post-2582","page","type-page","status-publish","hentry"],"_links":{"self":[{"href":"https:\/\/projegi.com\/index.php\/wp-json\/wp\/v2\/pages\/2582","targetHints":{"allow":["GET"]}}],"collection":[{"href":"https:\/\/projegi.com\/index.php\/wp-json\/wp\/v2\/pages"}],"about":[{"href":"https:\/\/projegi.com\/index.php\/wp-json\/wp\/v2\/types\/page"}],"author":[{"embeddable":true,"href":"https:\/\/projegi.com\/index.php\/wp-json\/wp\/v2\/users\/1"}],"replies":[{"embeddable":true,"href":"https:\/\/projegi.com\/index.php\/wp-json\/wp\/v2\/comments?post=2582"}],"version-history":[{"count":14,"href":"https:\/\/projegi.com\/index.php\/wp-json\/wp\/v2\/pages\/2582\/revisions"}],"predecessor-version":[{"id":5021,"href":"https:\/\/projegi.com\/index.php\/wp-json\/wp\/v2\/pages\/2582\/revisions\/5021"}],"wp:attachment":[{"href":"https:\/\/projegi.com\/index.php\/wp-json\/wp\/v2\/media?parent=2582"}],"curies":[{"name":"wp","href":"https:\/\/api.w.org\/{rel}","templated":true}]}}