{"id":1958,"date":"2020-05-07T08:35:38","date_gmt":"2020-05-07T08:35:38","guid":{"rendered":"http:\/\/localhost\/theratio\/?page_id=1958"},"modified":"2025-08-15T14:18:22","modified_gmt":"2025-08-15T14:18:22","slug":"hakkimizda","status":"publish","type":"page","link":"https:\/\/projegi.com\/index.php\/hakkimizda\/","title":{"rendered":"HAKKIMIZDA"},"content":{"rendered":"\t\t<div data-elementor-type=\"wp-page\" data-elementor-id=\"1958\" class=\"elementor elementor-1958\">\n\t\t\t\t\t\t<section class=\"elementor-section elementor-top-section elementor-element elementor-element-bdd9939 elementor-section-content-middle elementor-section-boxed elementor-section-height-default elementor-section-height-default\" data-id=\"bdd9939\" data-element_type=\"section\" data-e-type=\"section\">\n\t\t\t\t\t\t<div class=\"elementor-container elementor-column-gap-extended\">\n\t\t\t\t\t<div class=\"elementor-column elementor-col-50 elementor-top-column elementor-element elementor-element-12b070d ot-flex-column-vertical\" data-id=\"12b070d\" data-element_type=\"column\" data-e-type=\"column\">\n\t\t\t<div class=\"elementor-widget-wrap elementor-element-populated\">\n\t\t\t\t\t\t<div class=\"elementor-element elementor-element-ea70568 elementor-widget elementor-widget-image\" data-id=\"ea70568\" data-element_type=\"widget\" data-e-type=\"widget\" data-widget_type=\"image.default\">\n\t\t\t\t<div class=\"elementor-widget-container\">\n\t\t\t\t\t\t\t\t\t\t\t\t\t\t\t<img fetchpriority=\"high\" decoding=\"async\" width=\"768\" height=\"1061\" src=\"https:\/\/projegi.com\/wp-content\/uploads\/2019\/11\/WhatsApp-Image-2022-02-04-at-12.49.56-768x1061.jpeg\" class=\"attachment-medium_large size-medium_large wp-image-4862\" alt=\"\" srcset=\"https:\/\/projegi.com\/wp-content\/uploads\/2019\/11\/WhatsApp-Image-2022-02-04-at-12.49.56-768x1061.jpeg 768w, https:\/\/projegi.com\/wp-content\/uploads\/2019\/11\/WhatsApp-Image-2022-02-04-at-12.49.56-217x300.jpeg 217w, https:\/\/projegi.com\/wp-content\/uploads\/2019\/11\/WhatsApp-Image-2022-02-04-at-12.49.56-741x1024.jpeg 741w, https:\/\/projegi.com\/wp-content\/uploads\/2019\/11\/WhatsApp-Image-2022-02-04-at-12.49.56.jpeg 989w\" sizes=\"(max-width: 768px) 100vw, 768px\" \/>\t\t\t\t\t\t\t\t\t\t\t\t\t\t\t<\/div>\n\t\t\t\t<\/div>\n\t\t\t\t\t<\/div>\n\t\t<\/div>\n\t\t\t\t<div class=\"elementor-column elementor-col-50 elementor-top-column elementor-element elementor-element-c955026 ot-flex-column-vertical\" data-id=\"c955026\" data-element_type=\"column\" data-e-type=\"column\">\n\t\t\t<div class=\"elementor-widget-wrap elementor-element-populated\">\n\t\t\t\t\t\t<div class=\"elementor-element elementor-element-94474d6 elementor-widget elementor-widget-iheading\" data-id=\"94474d6\" data-element_type=\"widget\" data-e-type=\"widget\" data-widget_type=\"iheading.default\">\n\t\t\t\t<div class=\"elementor-widget-container\">\n\t\t\t\t\t\t\t<div class=\"ot-heading \">\r\n\t        \t        <h2 class=\"main-heading\">FAAL\u0130YET G\u00d6STERD\u0130\u011e\u0130M\u0130Z \u0130LK G\u00dcNDEN BU YANA;<\/h2>\r\n\t        \t    <\/div>\r\n\t    \t\t\t\t<\/div>\n\t\t\t\t<\/div>\n\t\t\t\t<div class=\"elementor-element elementor-element-4408703 elementor-widget elementor-widget-text-editor\" data-id=\"4408703\" data-element_type=\"widget\" data-e-type=\"widget\" data-widget_type=\"text-editor.default\">\n\t\t\t\t<div class=\"elementor-widget-container\">\n\t\t\t\t\t\t\t\t\t<p>D\u00fcr\u00fcstl\u00fck, m\u00fckemmeliyet\u00e7ilik, ekip ruhu, yenilik\u00e7ilik, sahiplenme, istikrar ve giri\u015fimcilik en \u00f6nemli de\u011ferlerimizin aras\u0131nda yer ald\u0131. M\u00fc\u015fterilerimize, i\u015f ortaklar\u0131ma ve \u00e7al\u0131\u015fanlar\u0131m\u0131za kar\u015f\u0131 her zaman \u015feffafl\u0131k ilkesini benimsedik.<\/p><p>\u00dclkemizin en \u00f6nde gelen in\u015faat firmalar\u0131n\u0131n gayrimenkul projelerinin geli\u015ftirilmesinden, pazarlanmas\u0131na kadar olan s\u00fcre\u00e7leri takip etmek ile birlikte, sat\u0131\u015f sonras\u0131 hizmetlerimizle yerli ve yabanc\u0131 yat\u0131r\u0131mc\u0131lar\u0131m\u0131z\u0131n bizi her zaman yan\u0131nda hissetmelerini sa\u011fl\u0131yoruz. Bu anlay\u0131\u015f ile hizmet verdi\u011fimiz projelerimizde profesyonel kimli\u011fimizi ve PROJEG\u0130\u00a0 g\u00fcvenirli\u011fini vurgulamak ad\u0131na t\u00fcm g\u00fcc\u00fcm\u00fczle \u00e7al\u0131\u015f\u0131yor, her yeni projemizi ilk g\u00fcnk\u00fc heyecan\u0131m\u0131zla pazarl\u0131yor<\/p>\t\t\t\t\t\t\t\t<\/div>\n\t\t\t\t<\/div>\n\t\t\t\t\t<\/div>\n\t\t<\/div>\n\t\t\t\t\t<\/div>\n\t\t<\/section>\n\t\t\t\t<section class=\"elementor-section elementor-top-section elementor-element elementor-element-84da9af elementor-section-boxed elementor-section-height-default elementor-section-height-default\" data-id=\"84da9af\" data-element_type=\"section\" data-e-type=\"section\">\n\t\t\t\t\t\t<div class=\"elementor-container elementor-column-gap-extended\">\n\t\t\t\t\t<div class=\"elementor-column elementor-col-50 elementor-top-column elementor-element elementor-element-2ebb682 ot-flex-column-vertical\" data-id=\"2ebb682\" data-element_type=\"column\" data-e-type=\"column\">\n\t\t\t<div class=\"elementor-widget-wrap elementor-element-populated\">\n\t\t\t\t\t\t<div class=\"elementor-element elementor-element-d2c4e86 elementor-widget elementor-widget-text-editor\" data-id=\"d2c4e86\" data-element_type=\"widget\" data-e-type=\"widget\" data-widget_type=\"text-editor.default\">\n\t\t\t\t<div class=\"elementor-widget-container\">\n\t\t\t\t\t\t\t\t\t<ul class=\"whitebox-list\"><li><span class=\"fadeInLeft wow animated\" data-wow-duration=\"1s\" data-wow-delay=\"1s\">Pazar Analizi<\/span><\/li>\u00a0<li><span class=\"list-border wow  fadeInLeft animated\" data-wow-duration=\"0.4s\" data-wow-delay=\"1.2s\"><img decoding=\"async\" src=\"http:\/\/devprojepazarlama.com\/assets\/images\/hizmetpage\/list-border.png\" alt=\"\" \/><\/span><span class=\"fadeInLeft wow animated\" data-wow-duration=\"1s\" data-wow-delay=\"1.2s\">Proje planlanmas\u0131<\/span><\/li>\u00a0<li><span class=\"list-border wow  fadeInLeft animated\" data-wow-duration=\"0.4s\" data-wow-delay=\"1.4s\"><img decoding=\"async\" src=\"http:\/\/devprojepazarlama.com\/assets\/images\/hizmetpage\/list-border.png\" alt=\"\" \/><\/span><span class=\"fadeInLeft wow animated\" data-wow-duration=\"1s\" data-wow-delay=\"1.3s\">Konsept geli\u015ftirme<\/span><\/li>\u00a0<li><span class=\"list-border wow  fadeInLeft animated\" data-wow-duration=\"0.4s\" data-wow-delay=\"1.6s\"><img decoding=\"async\" src=\"http:\/\/devprojepazarlama.com\/assets\/images\/hizmetpage\/list-border.png\" alt=\"\" \/><\/span><span class=\"fadeInLeft wow animated\" data-wow-duration=\"1s\" data-wow-delay=\"1.4s\">Potansiyel m\u00fc\u015fterilerin proje beklentileri, konut ve ticari projelerin geli\u015ftirilmesi<\/span><\/li>\u00a0<li><span class=\"list-border wow  fadeInLeft animated\" data-wow-duration=\"0.3s\" data-wow-delay=\"1.8s\"><img decoding=\"async\" src=\"http:\/\/devprojepazarlama.com\/assets\/images\/hizmetpage\/list-border.png\" alt=\"\" \/><\/span><span class=\"fadeInLeft wow animated\" data-wow-duration=\"1s\" data-wow-delay=\"1.5s\">Gelir tahminleri, b\u00fct\u00e7eleme ve \u015ferefiyelendirme<\/span><\/li>\u00a0<li><span class=\"list-border wow  fadeInLeft animated\" data-wow-duration=\"0.4s\" data-wow-delay=\"2s\"><img decoding=\"async\" src=\"http:\/\/devprojepazarlama.com\/assets\/images\/hizmetpage\/list-border.png\" alt=\"\" \/><\/span><span class=\"fadeInLeft wow animated\" data-wow-duration=\"1s\" data-wow-delay=\"1.6s\">Finans modellerinin haz\u0131rlanmas\u0131<\/span><\/li>\u00a0<li><span class=\"list-border wow  fadeInLeft animated\" data-wow-duration=\"0.5s\" data-wow-delay=\"2.2s\"><img decoding=\"async\" src=\"http:\/\/devprojepazarlama.com\/assets\/images\/hizmetpage\/list-border.png\" alt=\"\" \/><\/span><span class=\"fadeInLeft wow animated\" data-wow-duration=\"1s\" data-wow-delay=\"1.7s\">Sat\u0131\u015f stratejileri belirlemesi<\/span><\/li>\u00a0<li><span class=\"list-border wow  fadeInLeft animated\" data-wow-duration=\"0.7s\" data-wow-delay=\"2.4s\"><img decoding=\"async\" src=\"http:\/\/devprojepazarlama.com\/assets\/images\/hizmetpage\/list-border.png\" alt=\"\" \/><\/span><span class=\"fadeInLeft wow animated\" data-wow-duration=\"1s\" data-wow-delay=\"1.8s\">\u0130\u015f ak\u0131\u015f plan\u0131n\u0131n haz\u0131rlanmas\u0131<\/span><\/li>\u00a0<li><span class=\"list-border wow  fadeInLeft animated\" data-wow-duration=\"1s\" data-wow-delay=\"2.6s\"><img decoding=\"async\" src=\"http:\/\/devprojepazarlama.com\/assets\/images\/hizmetpage\/list-border.png\" alt=\"\" \/><\/span><span class=\"fadeInLeft wow animated\" data-wow-duration=\"1s\" data-wow-delay=\"1.9s\">Fizibilite hizmetleri<\/span><\/li>\u00a0<li><span class=\"list-border wow  fadeInLeft animated\" data-wow-duration=\"1.5s\" data-wow-delay=\"2.8s\"><img decoding=\"async\" src=\"http:\/\/devprojepazarlama.com\/assets\/images\/hizmetpage\/list-border.png\" alt=\"\" \/><\/span><span class=\"fadeInLeft wow animated\" data-wow-duration=\"1s\" data-wow-delay=\"2s\">Mimari konsept haz\u0131rlanmas\u0131<\/span><\/li><\/ul>\t\t\t\t\t\t\t\t<\/div>\n\t\t\t\t<\/div>\n\t\t\t\t\t<\/div>\n\t\t<\/div>\n\t\t\t\t<div class=\"elementor-column elementor-col-50 elementor-top-column elementor-element elementor-element-94d1f27 ot-flex-column-vertical\" data-id=\"94d1f27\" data-element_type=\"column\" data-e-type=\"column\">\n\t\t\t<div class=\"elementor-widget-wrap elementor-element-populated\">\n\t\t\t\t\t\t<div class=\"elementor-element elementor-element-1ddaf5e elementor-widget elementor-widget-image\" data-id=\"1ddaf5e\" data-element_type=\"widget\" data-e-type=\"widget\" data-widget_type=\"image.default\">\n\t\t\t\t<div class=\"elementor-widget-container\">\n\t\t\t\t\t\t\t\t\t\t\t\t\t\t\t<img decoding=\"async\" width=\"900\" height=\"700\" src=\"https:\/\/projegi.com\/wp-content\/uploads\/2021\/12\/b0b3d46880658c5dded5cebe814a7b22-e1638550738682.jpg\" class=\"attachment-large size-large wp-image-4681\" alt=\"\" \/>\t\t\t\t\t\t\t\t\t\t\t\t\t\t\t<\/div>\n\t\t\t\t<\/div>\n\t\t\t\t\t<\/div>\n\t\t<\/div>\n\t\t\t\t\t<\/div>\n\t\t<\/section>\n\t\t\t\t<section class=\"elementor-section elementor-top-section elementor-element elementor-element-06c28d4 elementor-section-boxed elementor-section-height-default elementor-section-height-default\" data-id=\"06c28d4\" data-element_type=\"section\" data-e-type=\"section\">\n\t\t\t\t\t\t<div class=\"elementor-container elementor-column-gap-default\">\n\t\t\t\t\t<div class=\"elementor-column elementor-col-100 elementor-top-column elementor-element elementor-element-83aed0b ot-column-items-top ot-flex-column-vertical\" data-id=\"83aed0b\" data-element_type=\"column\" data-e-type=\"column\">\n\t\t\t<div class=\"elementor-widget-wrap elementor-element-populated\">\n\t\t\t\t\t\t<div class=\"elementor-element elementor-element-15e4101 elementor-widget elementor-widget-heading\" data-id=\"15e4101\" data-element_type=\"widget\" data-e-type=\"widget\" data-widget_type=\"heading.default\">\n\t\t\t\t<div class=\"elementor-widget-container\">\n\t\t\t\t\t<h2 class=\"elementor-heading-title elementor-size-default\">\u015eUAN \u00c7ALI\u015eMAKTA OLDU\u011eUMUZ PROJELER<br><br><\/h2>\t\t\t\t<\/div>\n\t\t\t\t<\/div>\n\t\t\t\t\t<\/div>\n\t\t<\/div>\n\t\t\t\t\t<\/div>\n\t\t<\/section>\n\t\t\t\t<section class=\"elementor-section elementor-top-section elementor-element elementor-element-517113c elementor-section-boxed elementor-section-height-default elementor-section-height-default\" data-id=\"517113c\" data-element_type=\"section\" data-e-type=\"section\">\n\t\t\t\t\t\t<div class=\"elementor-container elementor-column-gap-default\">\n\t\t\t\t\t<div class=\"elementor-column elementor-col-100 elementor-top-column elementor-element elementor-element-5395970 ot-flex-column-vertical\" data-id=\"5395970\" data-element_type=\"column\" data-e-type=\"column\">\n\t\t\t<div class=\"elementor-widget-wrap elementor-element-populated\">\n\t\t\t\t\t\t<div class=\"elementor-element elementor-element-50c9db6 elementor-widget__width-initial elementor-widget elementor-widget-text-editor\" data-id=\"50c9db6\" data-element_type=\"widget\" data-e-type=\"widget\" data-widget_type=\"text-editor.default\">\n\t\t\t\t<div class=\"elementor-widget-container\">\n\t\t\t\t\t\t\t\t\t<p>-MAR\u0130N C\u0130TY\u00a0<\/p><p>-MY HOME \u0130STANBUL\u00a0<\/p><p>-SEA LANDSCAPE C\u0130TY<\/p><p>-EFYART21 HAL\u0130\u00c7<\/p>\t\t\t\t\t\t\t\t<\/div>\n\t\t\t\t<\/div>\n\t\t\t\t<div class=\"elementor-element elementor-element-cf4a1ec elementor-widget__width-initial elementor-arrows-position-inside elementor-pagination-position-outside elementor-widget elementor-widget-image-carousel\" data-id=\"cf4a1ec\" data-element_type=\"widget\" data-e-type=\"widget\" data-settings=\"{&quot;slides_to_show&quot;:&quot;1&quot;,&quot;navigation&quot;:&quot;both&quot;,&quot;autoplay&quot;:&quot;yes&quot;,&quot;pause_on_hover&quot;:&quot;yes&quot;,&quot;pause_on_interaction&quot;:&quot;yes&quot;,&quot;autoplay_speed&quot;:5000,&quot;infinite&quot;:&quot;yes&quot;,&quot;effect&quot;:&quot;slide&quot;,&quot;speed&quot;:500}\" data-widget_type=\"image-carousel.default\">\n\t\t\t\t<div class=\"elementor-widget-container\">\n\t\t\t\t\t\t\t<div class=\"elementor-image-carousel-wrapper swiper\" role=\"region\" aria-roledescription=\"carousel\" aria-label=\"Resim D\u00f6ng\u00fcs\u00fc\" dir=\"ltr\">\n\t\t\t<div class=\"elementor-image-carousel swiper-wrapper\" aria-live=\"off\">\n\t\t\t\t\t\t\t\t<div class=\"swiper-slide\" role=\"group\" aria-roledescription=\"slide\" aria-label=\"1 \/ 4\"><figure class=\"swiper-slide-inner\"><img decoding=\"async\" class=\"swiper-slide-image\" src=\"https:\/\/projegi.com\/wp-content\/uploads\/2019\/11\/p-gallery1-300x174.jpg\" alt=\"p-gallery1\" \/><\/figure><\/div><div class=\"swiper-slide\" role=\"group\" aria-roledescription=\"slide\" aria-label=\"2 \/ 4\"><figure class=\"swiper-slide-inner\"><img decoding=\"async\" class=\"swiper-slide-image\" src=\"https:\/\/projegi.com\/wp-content\/uploads\/2020\/05\/p3-gallery2-300x169.jpg\" alt=\"p3-gallery2\" \/><\/figure><\/div><div class=\"swiper-slide\" role=\"group\" aria-roledescription=\"slide\" aria-label=\"3 \/ 4\"><figure class=\"swiper-slide-inner\"><img decoding=\"async\" class=\"swiper-slide-image\" src=\"https:\/\/projegi.com\/wp-content\/uploads\/2020\/05\/p3-gallery4-300x169.jpg\" alt=\"p3-gallery4\" \/><\/figure><\/div><div class=\"swiper-slide\" role=\"group\" aria-roledescription=\"slide\" aria-label=\"4 \/ 4\"><figure class=\"swiper-slide-inner\"><img decoding=\"async\" class=\"swiper-slide-image\" src=\"https:\/\/projegi.com\/wp-content\/uploads\/2020\/05\/p3-gallery1-300x169.jpg\" alt=\"p3-gallery1\" \/><\/figure><\/div>\t\t\t<\/div>\n\t\t\t\t\t\t\t\t\t\t\t\t<div class=\"elementor-swiper-button elementor-swiper-button-prev\" role=\"button\" tabindex=\"0\">\n\t\t\t\t\t\t<i aria-hidden=\"true\" class=\"eicon-chevron-left\"><\/i>\t\t\t\t\t<\/div>\n\t\t\t\t\t<div class=\"elementor-swiper-button elementor-swiper-button-next\" role=\"button\" tabindex=\"0\">\n\t\t\t\t\t\t<i aria-hidden=\"true\" class=\"eicon-chevron-right\"><\/i>\t\t\t\t\t<\/div>\n\t\t\t\t\n\t\t\t\t\t\t\t\t\t<div class=\"swiper-pagination\"><\/div>\n\t\t\t\t\t\t\t\t\t<\/div>\n\t\t\t\t\t\t<\/div>\n\t\t\t\t<\/div>\n\t\t\t\t\t<\/div>\n\t\t<\/div>\n\t\t\t\t\t<\/div>\n\t\t<\/section>\n\t\t\t\t<section class=\"elementor-section elementor-top-section elementor-element elementor-element-0ee269f elementor-section-boxed elementor-section-height-default elementor-section-height-default\" data-id=\"0ee269f\" data-element_type=\"section\" data-e-type=\"section\">\n\t\t\t\t\t\t<div class=\"elementor-container elementor-column-gap-default\">\n\t\t\t\t\t<div class=\"elementor-column elementor-col-100 elementor-top-column elementor-element elementor-element-a6ac911 ot-flex-column-vertical\" data-id=\"a6ac911\" data-element_type=\"column\" data-e-type=\"column\">\n\t\t\t<div class=\"elementor-widget-wrap\">\n\t\t\t\t\t\t\t<\/div>\n\t\t<\/div>\n\t\t\t\t\t<\/div>\n\t\t<\/section>\n\t\t\t\t<\/div>\n\t\t","protected":false},"excerpt":{"rendered":"<p>FAAL\u0130YET G\u00d6STERD\u0130\u011e\u0130M\u0130Z \u0130LK G\u00dcNDEN BU YANA; D\u00fcr\u00fcstl\u00fck, m\u00fckemmeliyet\u00e7ilik, ekip ruhu, yenilik\u00e7ilik, sahiplenme, istikrar ve giri\u015fimcilik en \u00f6nemli de\u011ferlerimizin aras\u0131nda yer ald\u0131. M\u00fc\u015fterilerimize, i\u015f ortaklar\u0131ma ve \u00e7al\u0131\u015fanlar\u0131m\u0131za kar\u015f\u0131 her zaman \u015feffafl\u0131k ilkesini benimsedik. \u00dclkemizin en \u00f6nde gelen in\u015faat firmalar\u0131n\u0131n gayrimenkul projelerinin geli\u015ftirilmesinden, pazarlanmas\u0131na kadar olan s\u00fcre\u00e7leri takip etmek ile birlikte, sat\u0131\u015f sonras\u0131 hizmetlerimizle yerli ve yabanc\u0131 [&hellip;]<\/p>\n","protected":false},"author":1,"featured_media":0,"parent":0,"menu_order":0,"comment_status":"closed","ping_status":"closed","template":"","meta":{"footnotes":""},"class_list":["post-1958","page","type-page","status-publish","hentry"],"_links":{"self":[{"href":"https:\/\/projegi.com\/index.php\/wp-json\/wp\/v2\/pages\/1958","targetHints":{"allow":["GET"]}}],"collection":[{"href":"https:\/\/projegi.com\/index.php\/wp-json\/wp\/v2\/pages"}],"about":[{"href":"https:\/\/projegi.com\/index.php\/wp-json\/wp\/v2\/types\/page"}],"author":[{"embeddable":true,"href":"https:\/\/projegi.com\/index.php\/wp-json\/wp\/v2\/users\/1"}],"replies":[{"embeddable":true,"href":"https:\/\/projegi.com\/index.php\/wp-json\/wp\/v2\/comments?post=1958"}],"version-history":[{"count":46,"href":"https:\/\/projegi.com\/index.php\/wp-json\/wp\/v2\/pages\/1958\/revisions"}],"predecessor-version":[{"id":5048,"href":"https:\/\/projegi.com\/index.php\/wp-json\/wp\/v2\/pages\/1958\/revisions\/5048"}],"wp:attachment":[{"href":"https:\/\/projegi.com\/index.php\/wp-json\/wp\/v2\/media?parent=1958"}],"curies":[{"name":"wp","href":"https:\/\/api.w.org\/{rel}","templated":true}]}}